{"id":3,"date":"2020-02-18T13:11:01","date_gmt":"2020-02-18T13:11:01","guid":{"rendered":"https:\/\/adriaticsol.com\/?page_id=3"},"modified":"2020-03-10T11:24:55","modified_gmt":"2020-03-10T10:24:55","slug":"privacy-policy","status":"publish","type":"page","link":"https:\/\/adriaticsol.com\/de\/privacy-policy\/","title":{"rendered":"Privacy Policy"},"content":{"rendered":"<div class=\"vc_row wpb_row vc_row-fluid vc_custom_1583835894006\"><div class=\"wpb_column vc_column_container vc_col-sm-12\"><div class=\"vc_column-inner\"><div class=\"wpb_wrapper\">\n\t<div class=\"wpb_text_column wpb_content_element\" >\n\t\t<div class=\"wpb_wrapper\">\n\t\t\t<h2>Obavjest o podno\u0161enju pisanih prigovora korisnika usluge<\/h2>\n\n\t\t<\/div>\n\t<\/div>\n\n\t<div class=\"wpb_text_column wpb_content_element  vc_custom_1583835813474\" >\n\t\t<div class=\"wpb_wrapper\">\n\t\t\t<p>Sukladno odredbi \u010dl. 6. St.1 to\u010d.3. Zakona o pru\u017eanju usluga u turizmu NN br. 130\/17 pisani prigovor potro\u0161a\u010da mo\u017ee se podnijeti:<\/p>\n<ul>\n<li>na email info@adriaticsol.com; ili<\/li>\n<li>poslati po\u0161tu na adresu Adriatic Sol d.o.o., Istarska ulica 25, 52212 Fa\u017eana, Hrvatska<\/li>\n<\/ul>\n<p>Na podneseni prigovor korisnika usluge bez odga\u0111anja pisanim putem potvrditi \u0107e se primitak prigovora, te u pisanom obliku odgovoriti na prigovor u roku od 15 dana od dana zaprimanja prigovora.<\/p>\n\n\t\t<\/div>\n\t<\/div>\n<\/div><\/div><\/div><\/div><div class=\"vc_row wpb_row vc_row-fluid\"><div class=\"wpb_column vc_column_container vc_col-sm-12\"><div class=\"vc_column-inner\"><div class=\"wpb_wrapper\">\n\t<div class=\"wpb_text_column wpb_content_element\" >\n\t\t<div class=\"wpb_wrapper\">\n\t\t\t<h2>Notice of submitting written complaints of service users<\/h2>\n\n\t\t<\/div>\n\t<\/div>\n\n\t<div class=\"wpb_text_column wpb_content_element  vc_custom_1583835820072\" >\n\t\t<div class=\"wpb_wrapper\">\n\t\t\t<p>In accordance with the provisions of Art. 6. St.1 item 3. Of the Law on Provision of Tourism Services NN no. 130\/17 a consumer&#8217;s written complaint may be submitted via:<\/p>\n<ul>\n<li>email: info@adriaticsol.com;<\/li>\n<li>or send mail to: Adriatic Sol d.o.o., Istarska ulica 25, 52212 Fazana, Croatia<\/li>\n<\/ul>\n<p>The received complaint of the service, user will be noti\ufb01ed in writing without delay, the receipt of the complaint will be con\ufb01rmed, and the objection will be answered in writing within 15 days from the day of receipt of the complaint.<\/p>\n\n\t\t<\/div>\n\t<\/div>\n<\/div><\/div><\/div><\/div>","protected":false},"excerpt":{"rendered":"Obavjest o podno\u0161enju pisanih prigovora korisnika usluge Sukladno odredbi \u010dl. 6. St.1 to\u010d.3. Zakona o pru\u017eanju usluga u turizmu NN br. 130\/17 pisani prigovor potro\u0161a\u010da mo\u017ee se podnijeti: na email info@adriaticsol.com; ili poslati po\u0161tu na adresu Adriatic Sol d.o.o., Istarska ulica 25, 52212 Fa\u017eana, Hrvatska Na podneseni prigovor korisnika usluge bez odga\u0111anja pisanim putem potvrditi [...]","protected":false},"author":1,"featured_media":0,"parent":0,"menu_order":0,"comment_status":"closed","ping_status":"open","template":"","meta":[],"_links":{"self":[{"href":"https:\/\/adriaticsol.com\/de\/wp-json\/wp\/v2\/pages\/3"}],"collection":[{"href":"https:\/\/adriaticsol.com\/de\/wp-json\/wp\/v2\/pages"}],"about":[{"href":"https:\/\/adriaticsol.com\/de\/wp-json\/wp\/v2\/types\/page"}],"author":[{"embeddable":true,"href":"https:\/\/adriaticsol.com\/de\/wp-json\/wp\/v2\/users\/1"}],"replies":[{"embeddable":true,"href":"https:\/\/adriaticsol.com\/de\/wp-json\/wp\/v2\/comments?post=3"}],"version-history":[{"count":9,"href":"https:\/\/adriaticsol.com\/de\/wp-json\/wp\/v2\/pages\/3\/revisions"}],"predecessor-version":[{"id":2105,"href":"https:\/\/adriaticsol.com\/de\/wp-json\/wp\/v2\/pages\/3\/revisions\/2105"}],"wp:attachment":[{"href":"https:\/\/adriaticsol.com\/de\/wp-json\/wp\/v2\/media?parent=3"}],"curies":[{"name":"wp","href":"https:\/\/api.w.org\/{rel}","templated":true}]}}